{"id":19291,"date":"2022-05-18T12:12:08","date_gmt":"2022-05-18T11:12:08","guid":{"rendered":"https:\/\/www.trakgene.com\/free-demo-copy\/"},"modified":"2023-11-05T14:50:15","modified_gmt":"2023-11-05T14:50:15","slug":"demo-gratuite-3","status":"publish","type":"page","link":"https:\/\/www.trakgene.com\/fr\/give-feedback\/","title":{"rendered":"Donnez-nous vos commentaires"},"content":{"rendered":"\t\t<div data-elementor-type=\"wp-page\" data-elementor-id=\"19291\" class=\"elementor elementor-19291\">\n\t\t\t\t<div class=\"elementor-element elementor-element-515afe3 e-flex e-con-boxed e-con e-parent\" data-id=\"515afe3\" data-element_type=\"container\" data-e-type=\"container\">\n\t\t\t\t\t<div class=\"e-con-inner\">\n\t\t<div class=\"elementor-element elementor-element-5fea098 e-con-full e-flex e-con e-child\" data-id=\"5fea098\" data-element_type=\"container\" data-e-type=\"container\">\n\t\t\t\t<div class=\"elementor-element elementor-element-8973678 elementor-widget elementor-widget-heading\" data-id=\"8973678\" data-element_type=\"widget\" data-e-type=\"widget\" data-widget_type=\"heading.default\">\n\t\t\t\t<div class=\"elementor-widget-container\">\n\t\t\t\t\t<h2 class=\"elementor-heading-title elementor-size-default\">Tell us what you think of TrakGene<\/h2>\t\t\t\t<\/div>\n\t\t\t\t<\/div>\n\t\t\t\t<div class=\"elementor-element elementor-element-be53e43 elementor-widget elementor-widget-text-editor\" data-id=\"be53e43\" data-element_type=\"widget\" data-e-type=\"widget\" data-widget_type=\"text-editor.default\">\n\t\t\t\t<div class=\"elementor-widget-container\">\n\t\t\t\t\t\t\t\t\t<p><div class=\"shortcode-site-reviews-form\"><div class=\"glsr glsr-default\" id=\"glsr_fnd4hqcu\" data-from=\"shortcode\" data-shortcode=\"site_reviews_form\"><div class=\"glsr-form-wrap\">\n    <form class=\"glsr-form glsr-review-form\" method=\"post\" enctype=\"multipart\/form-data\">\n        <input type=\"hidden\" name=\"site-reviews[_action]\" value=\"submit-review\" \/>\n<input type=\"hidden\" name=\"site-reviews[_nonce]\" value=\"dd5c6d862a\" \/>\n<input type=\"hidden\" name=\"site-reviews[_post_id]\" value=\"19291\" \/>\n<input type=\"hidden\" name=\"site-reviews[_referer]\" value=\"\" \/>\n<input type=\"hidden\" name=\"site-reviews[assigned_posts]\" value=\"\" \/>\n<input type=\"hidden\" name=\"site-reviews[assigned_terms]\" value=\"\" \/>\n<input type=\"hidden\" name=\"site-reviews[assigned_users]\" value=\"\" \/>\n<input type=\"hidden\" name=\"site-reviews[excluded]\" value=\"\" \/>\n<input type=\"hidden\" name=\"site-reviews[form_id]\" value=\"glsr_fnd4hqcu\" \/>\n<input type=\"hidden\" name=\"site-reviews[form_signature]\" value=\"S5QSFya9tZ-c6XrdGG4em_dFePyT7P1bHGU1ANLH5kq8dG8R4qPPTmkBApqJBsp9HEwEpt4wMC9lQ4kvSJhhskYlhzuW4qc8VYTHfnzdH-3ed9HA8K_plINluisZdrBwVt05h5n1G7QKpC2f1MjK3OJ5jzPDnVIpoXRHqLey85zOir6c6EI9NKdMyRs3d6sjqf6Zi5BaWd4SgduejYhdg0opyW8W4xYIjeb3y70Rq0-T0s9ZsaByaVPFcBzagB2BgvBWCIJQglx_-hbQeS1KqAnjqd2ShgrVCpEkF7iOd3sCdBkdXHg91irtN97BJROuQD_hcM4NzKEzSI4A4B8QYb-3CvVcvYFRQuPm_cbaT-j1mESbTaWVXlZZO3UZ13TVWJ_2dnSFCIJeuiiGJWe1Prlb0PBEz7xDJ-zqxyu7nJp7-TbPV3hiZtey-ZE5\" \/>\n<input type=\"hidden\" name=\"site-reviews[terms_exist]\" value=\"1\" \/>\n<div class=\"glsr-field\" style=\"display:none;\"><label for=\"site-reviews-a7977603-glsr_fnd4hqcu\">Votre avis<\/label><input type=\"text\" class=\"glsr-input glsr-input-text\" id=\"site-reviews-a7977603-glsr_fnd4hqcu\" name=\"site-reviews[a7977603]\" value=\"\" \/><\/div>\n<div class=\"glsr-field glsr-field-rating glsr-required\" data-field=\"rating\" data-type=\"rating\">\n    <label class=\"glsr-label\" for=\"glsr_fnd4hqcu-rating\">\n    <span>Votre note globale<\/span>\n<\/label>\n    <select class=\"browser-default disable-select glsr-select no-wrap no_wrap\" id=\"glsr_fnd4hqcu-rating\" name=\"site-reviews[rating]\" required><option value=\"\">S\u00e9lectionnez une note<\/option><option value=\"5\">5 \u00e9toiles<\/option><option value=\"4\">4 \u00e9toiles<\/option><option value=\"3\">3 \u00e9toiles<\/option><option value=\"2\">2 \u00e9toiles<\/option><option value=\"1\">1 \u00e9toile<\/option><\/select>\n    <div class=\"glsr-field-error\"><\/div>\n<\/div>\n<div class=\"glsr-field glsr-field-text glsr-required\" data-field=\"title\" data-type=\"text\">\n    <label class=\"glsr-label\" for=\"glsr_fnd4hqcu-title\">\n    <span>Titre de votre avis<\/span>\n<\/label>\n    <input type=\"text\" class=\"glsr-input glsr-input-text\" id=\"glsr_fnd4hqcu-title\" name=\"site-reviews[title]\" required placeholder=\"R\u00e9sumez votre avis ou mettez en \u00e9vidence un d\u00e9tail int\u00e9ressant\" value=\"\" \/>\n    <div class=\"glsr-field-error\"><\/div>\n<\/div>\n<div class=\"glsr-field glsr-field-textarea glsr-required\" data-field=\"content\" data-type=\"textarea\">\n    <label class=\"glsr-label\" for=\"glsr_fnd4hqcu-content\">\n    <span>Votre avis<\/span>\n<\/label>\n    <textarea class=\"glsr-textarea\" id=\"glsr_fnd4hqcu-content\" name=\"site-reviews[content]\" required placeholder=\"Donnez votre avis\" rows=\"5\"><\/textarea>\n    <div class=\"glsr-field-error\"><\/div>\n<\/div>\n<div class=\"glsr-field glsr-field-text glsr-required\" data-field=\"name\" data-type=\"text\">\n    <label class=\"glsr-label\" for=\"glsr_fnd4hqcu-name\">\n    <span>Votre nom<\/span>\n<\/label>\n    <input type=\"text\" class=\"glsr-input glsr-input-text\" id=\"glsr_fnd4hqcu-name\" name=\"site-reviews[name]\" required placeholder=\"Donnez votre nom\" value=\"\" \/>\n    <div class=\"glsr-field-error\"><\/div>\n<\/div>\n<div class=\"glsr-field glsr-field-email glsr-required\" data-field=\"email\" data-type=\"email\">\n    <label class=\"glsr-label\" for=\"glsr_fnd4hqcu-email\">\n    <span>Votre e-mail<\/span>\n<\/label>\n    <input type=\"email\" class=\"glsr-input glsr-input-email\" id=\"glsr_fnd4hqcu-email\" name=\"site-reviews[email]\" required placeholder=\"Donnez votre e-mail\" value=\"\" \/>\n    <div class=\"glsr-field-error\"><\/div>\n<\/div>\n<div class=\"glsr-field glsr-field-choice glsr-required\" data-field=\"terms\" data-type=\"toggle\">\n    \n    <div class=\"glsr-field-subgroup\">\n        <span class=\"glsr-field-toggle\">\n    <span>\n        <span class=\"glsr-toggle\"><input type=\"checkbox\" class=\"glsr-input-toggle\" id=\"glsr_fnd4hqcu-terms-1\" name=\"site-reviews[terms]\" required value=\"1\" \/><span class=\"glsr-toggle-track\"><\/span><\/span>\n    <\/span>\n    <label for=\"glsr_fnd4hqcu-terms-1\">Cette note est fond\u00e9e sur ma propre exp\u00e9rience et mon v\u00e9ritable avis.<\/label>\n<\/span>\n    <\/div>\n    <div class=\"glsr-field-error\"><\/div>\n<\/div>\n        <div class=\"glsr-form-message\">\n    \n<\/div>\n        <div data-field=\"submit-button\">\n    <div class=\"wp-block-buttons is-layout-flex\">\n        <div class=\"wp-block-button\">\n            <button type=\"submit\" class=\"glsr-button wp-block-button__link wp-element-button\" aria-busy=\"false\" data-loading=\"Submitting, please wait...\">Envoyer un avis<\/button>\n        <\/div>\n    <\/div>\n<\/div><div class=\"glsr-captcha-holder\"><\/div>\n    <\/form>\n<\/div><\/div><\/div><\/p>\t\t\t\t\t\t\t\t<\/div>\n\t\t\t\t<\/div>\n\t\t\t\t<\/div>\n\t\t<div class=\"elementor-element elementor-element-461c3f3 e-con-full e-flex e-con e-child\" data-id=\"461c3f3\" data-element_type=\"container\" data-e-type=\"container\">\n\t\t\t\t<div class=\"elementor-element elementor-element-efaf152 elementor-widget elementor-widget-heading\" data-id=\"efaf152\" data-element_type=\"widget\" data-e-type=\"widget\" data-widget_type=\"heading.default\">\n\t\t\t\t<div class=\"elementor-widget-container\">\n\t\t\t\t\t<h2 class=\"elementor-heading-title elementor-size-default\">Your feedback matters<\/h2>\t\t\t\t<\/div>\n\t\t\t\t<\/div>\n\t\t\t\t<div class=\"elementor-element elementor-element-d10b4a6 elementor-widget elementor-widget-text-editor\" data-id=\"d10b4a6\" data-element_type=\"widget\" data-e-type=\"widget\" data-widget_type=\"text-editor.default\">\n\t\t\t\t<div class=\"elementor-widget-container\">\n\t\t\t\t\t\t\t\t\t<p>We really appreciate everyone that gives us feedback. It drives our product and services development, making sure we keep focus on the things that are most important to you.<\/p><p><a href=\"https:\/\/beta.trakgene.com\/wp-content\/uploads\/2014\/09\/Trakgene-Desktop.png\" rel=\"nofollow noopener\" target=\"_blank\"><img fetchpriority=\"high\" decoding=\"async\" class=\"size-medium wp-image-15703 aligncenter\" src=\"https:\/\/beta.trakgene.com\/wp-content\/uploads\/2014\/09\/Trakgene-Desktop-300x251.png\" alt=\"TrakGene Genetics Electronic Health Record Software Demo\" width=\"300\" height=\"251\" title=\"\" srcset=\"https:\/\/www.trakgene.com\/wp-content\/uploads\/2014\/09\/Trakgene-Desktop-300x251.png 300w, https:\/\/www.trakgene.com\/wp-content\/uploads\/2014\/09\/Trakgene-Desktop-14x12.png 14w, https:\/\/www.trakgene.com\/wp-content\/uploads\/2014\/09\/Trakgene-Desktop.png 650w\" sizes=\"(max-width: 300px) 100vw, 300px\" \/><\/a><\/p>\t\t\t\t\t\t\t\t<\/div>\n\t\t\t\t<\/div>\n\t\t\t\t<\/div>\n\t\t\t\t\t<\/div>\n\t\t\t\t<\/div>\n\t\t\t\t<\/div>\n\t\t","protected":false},"excerpt":{"rendered":"<p>Tell us what you think of TrakGene Your feedback matters We really appreciate everyone that gives us feedback. It drives our product and services development, making sure we keep focus on the things that are most important to you.<\/p>","protected":false},"author":6,"featured_media":0,"parent":0,"menu_order":0,"comment_status":"closed","ping_status":"closed","template":"","meta":{"content-type":"","_glsr_average":0,"_glsr_ranking":0,"_glsr_reviews":0,"footnotes":""},"class_list":["post-19291","page","type-page","status-publish","hentry"],"_links":{"self":[{"href":"https:\/\/www.trakgene.com\/fr\/wp-json\/wp\/v2\/pages\/19291","targetHints":{"allow":["GET"]}}],"collection":[{"href":"https:\/\/www.trakgene.com\/fr\/wp-json\/wp\/v2\/pages"}],"about":[{"href":"https:\/\/www.trakgene.com\/fr\/wp-json\/wp\/v2\/types\/page"}],"author":[{"embeddable":true,"href":"https:\/\/www.trakgene.com\/fr\/wp-json\/wp\/v2\/users\/6"}],"replies":[{"embeddable":true,"href":"https:\/\/www.trakgene.com\/fr\/wp-json\/wp\/v2\/comments?post=19291"}],"version-history":[{"count":0,"href":"https:\/\/www.trakgene.com\/fr\/wp-json\/wp\/v2\/pages\/19291\/revisions"}],"wp:attachment":[{"href":"https:\/\/www.trakgene.com\/fr\/wp-json\/wp\/v2\/media?parent=19291"}],"curies":[{"name":"wp","href":"https:\/\/api.w.org\/{rel}","templated":true}]}}