{"id":3626,"date":"2022-09-07T07:04:03","date_gmt":"2022-09-07T07:04:03","guid":{"rendered":"https:\/\/demo.oceanthemes.site\/sandbox\/?page_id=3626"},"modified":"2023-11-04T21:10:25","modified_gmt":"2023-11-04T21:10:25","slug":"kirjaudu-sisaan","status":"publish","type":"page","link":"https:\/\/www.trakgene.com\/fi\/sign-in\/","title":{"rendered":"Kirjaudu sis\u00e4\u00e4n"},"content":{"rendered":"<div data-elementor-type=\"wp-page\" data-elementor-id=\"3626\" class=\"elementor elementor-3626\">\n\t\t\t\t\t\t<section class=\"elementor-section elementor-top-section elementor-element elementor-element-005dd9e elementor-section-boxed elementor-section-height-default elementor-section-height-default\" data-id=\"005dd9e\" data-element_type=\"section\" data-e-type=\"section\" data-settings=\"{&quot;background_background&quot;:&quot;gradient&quot;}\">\n\t\t\t\t\t\t\t<div class=\"elementor-background-overlay\"><\/div>\n\t\t\t\t\t\t\t<div class=\"elementor-container elementor-column-gap-extended\">\n\t\t\t\t\t<div class=\"elementor-column elementor-col-100 elementor-top-column elementor-element elementor-element-3538d15\" data-id=\"3538d15\" data-element_type=\"column\" data-e-type=\"column\">\n\t\t\t<div class=\"elementor-widget-wrap elementor-element-populated\">\n\t\t\t\t\t\t<div class=\"elementor-element elementor-element-a1a17d2 elementor-widget elementor-widget-heading\" data-id=\"a1a17d2\" data-element_type=\"widget\" data-e-type=\"widget\" data-widget_type=\"heading.default\">\n\t\t\t\t<div class=\"elementor-widget-container\">\n\t\t\t\t\t<h2 class=\"elementor-heading-title elementor-size-default\">Kirjaudu sis\u00e4\u00e4n\n<\/h2>\t\t\t\t<\/div>\n\t\t\t\t<\/div>\n\t\t\t\t<div class=\"elementor-element elementor-element-dc3f8c9 elementor-icon-list--layout-inline elementor-align-center elementor-list-item-link-full_width elementor-widget elementor-widget-icon-list\" data-id=\"dc3f8c9\" data-element_type=\"widget\" data-e-type=\"widget\" data-widget_type=\"icon-list.default\">\n\t\t\t\t<div class=\"elementor-widget-container\">\n\t\t\t\t\t\t\t<ul class=\"elementor-icon-list-items elementor-inline-items\">\n\t\t\t\t\t\t\t<li class=\"elementor-icon-list-item elementor-inline-item\">\n\t\t\t\t\t\t\t\t\t\t\t<a href=\"https:\/\/demo.oceanthemes.site\/sandbox\/\" target=\"_blank\" rel=\"noopener\">\n\n\t\t\t\t\t\t\t\t\t\t\t<span class=\"elementor-icon-list-text\">Koti<\/span>\n\t\t\t\t\t\t\t\t\t\t\t<\/a>\n\t\t\t\t\t\t\t\t\t<\/li>\n\t\t\t\t\t\t\t\t<li class=\"elementor-icon-list-item elementor-inline-item\">\n\t\t\t\t\t\t\t\t\t\t\t<span class=\"elementor-icon-list-icon\">\n\t\t\t\t\t\t\t<i aria-hidden=\"true\" class=\"uil-angle-right-b\"><\/i>\t\t\t\t\t\t<\/span>\n\t\t\t\t\t\t\t\t\t\t<span class=\"elementor-icon-list-text\">Kirjaudu sis\u00e4\u00e4n<\/span>\n\t\t\t\t\t\t\t\t\t<\/li>\n\t\t\t\t\t\t<\/ul>\n\t\t\t\t\t\t<\/div>\n\t\t\t\t<\/div>\n\t\t\t\t\t<\/div>\n\t\t<\/div>\n\t\t\t\t\t<\/div>\n\t\t<\/section>\n\t\t\t\t<section class=\"elementor-section elementor-top-section elementor-element elementor-element-2386544 elementor-section-boxed elementor-section-height-default elementor-section-height-default\" data-id=\"2386544\" data-element_type=\"section\" data-e-type=\"section\">\n\t\t\t\t\t\t<div class=\"elementor-container elementor-column-gap-default\">\n\t\t\t\t\t<div class=\"elementor-column elementor-col-33 elementor-top-column elementor-element elementor-element-3ed9502\" data-id=\"3ed9502\" data-element_type=\"column\" data-e-type=\"column\">\n\t\t\t<div class=\"elementor-widget-wrap\">\n\t\t\t\t\t\t\t<\/div>\n\t\t<\/div>\n\t\t\t\t<div class=\"elementor-column elementor-col-33 elementor-top-column elementor-element elementor-element-7028c6e\" data-id=\"7028c6e\" data-element_type=\"column\" data-e-type=\"column\">\n\t\t\t<div class=\"elementor-widget-wrap elementor-element-populated\">\n\t\t\t\t\t\t<div class=\"elementor-element elementor-element-cfbf5d4 card userform elementor-widget elementor-widget-ot-userform\" data-id=\"cfbf5d4\" data-element_type=\"widget\" data-e-type=\"widget\" data-widget_type=\"ot-userform.default\">\n\t\t\t\t<div class=\"elementor-widget-container\">\n\t\t\t\t\t\t\t<div class=\"ot-userform\" data-link=\"\">\n\t        <div class=\"sandbox-login sandbox-form popup-inner\"><a href=\"#\" class=\"popup-close otbtn-close\"><i class=\"uil uil-times\"><\/i><\/a><h2 class=\"mb-3 text-start\">Tervetuloa takaisin<\/h2><p class=\"lead mb-6 text-start\">T\u00e4yt\u00e4 s\u00e4hk\u00f6postiosoitteesi ja salasanasi kirjautuaksesi sis\u00e4\u00e4n.<\/p><form action=\"\" method=\"post\" data-trp-original-action=\"\">\r\n<p class=\"form-floating\">\n      <input type=\"text\" class=\"form-control\" name=\"username\" placeholder=\"S\u00e4hk\u00f6postiosoite tai k\u00e4ytt\u00e4j\u00e4tunnus\" value=\"\" required \/>\n    <label>S\u00e4hk\u00f6postiosoite tai k\u00e4ytt\u00e4j\u00e4tunnus<\/label><\/p>\r\n<p class=\"form-floating password-field\">\n      <input type=\"password\" class=\"form-control\" name=\"password\" placeholder=\"Salasana\"required \/>\n      <span class=\"password-toggle\"><i class=\"uil uil-eye uil-eye-slash\"><\/i><\/span>\n      <label>Salasana<\/label>\n    <\/p>\r\n<input type=\"hidden\" name=\"redirect\" value=\"https:\/\/www.trakgene.com\/fi\/\">\r\n<input type=\"submit\"class=\"octf-btn\"  value=\"Kirjaudu sis\u00e4\u00e4n\"\/>\r\n<input type=\"hidden\" name=\"trp-form-language\" value=\"fi\"\/><\/form>\r\n<p class=\"mb-1\"><a class=\"hover\" href=\"https:\/\/www.trakgene.com\/wp-login.php?action=lostpassword\">Unohtuiko salasana?<\/a><\/p><p class=\"mb-0\">Eik\u00f6 sinulla ole tili\u00e4? <a class=\"hover user-btn\" href=\"#signup\">Kirjaudu<\/a><\/p><\/div>\t        \t    <\/div>\n\t    \t\t\t\t<\/div>\n\t\t\t\t<\/div>\n\t\t\t\t\t<\/div>\n\t\t<\/div>\n\t\t\t\t<div class=\"elementor-column elementor-col-33 elementor-top-column elementor-element elementor-element-12a8fea\" data-id=\"12a8fea\" data-element_type=\"column\" data-e-type=\"column\">\n\t\t\t<div class=\"elementor-widget-wrap\">\n\t\t\t\t\t\t\t<\/div>\n\t\t<\/div>\n\t\t\t\t\t<\/div>\n\t\t<\/section>\n\t\t\t\t<\/div>","protected":false},"excerpt":{"rendered":"<p>Kirjaudu sis\u00e4\u00e4n Etusivu Kirjaudu sis\u00e4\u00e4n K\u00e4ytt\u00e4j\u00e4 on jo kirjautunut sis\u00e4\u00e4n. Kirjaudu ulos?<\/p>","protected":false},"author":6,"featured_media":0,"parent":0,"menu_order":0,"comment_status":"closed","ping_status":"closed","template":"","meta":{"content-type":"","_glsr_average":0,"_glsr_ranking":0,"_glsr_reviews":0,"footnotes":""},"class_list":["post-3626","page","type-page","status-publish","hentry"],"_links":{"self":[{"href":"https:\/\/www.trakgene.com\/fi\/wp-json\/wp\/v2\/pages\/3626","targetHints":{"allow":["GET"]}}],"collection":[{"href":"https:\/\/www.trakgene.com\/fi\/wp-json\/wp\/v2\/pages"}],"about":[{"href":"https:\/\/www.trakgene.com\/fi\/wp-json\/wp\/v2\/types\/page"}],"author":[{"embeddable":true,"href":"https:\/\/www.trakgene.com\/fi\/wp-json\/wp\/v2\/users\/6"}],"replies":[{"embeddable":true,"href":"https:\/\/www.trakgene.com\/fi\/wp-json\/wp\/v2\/comments?post=3626"}],"version-history":[{"count":0,"href":"https:\/\/www.trakgene.com\/fi\/wp-json\/wp\/v2\/pages\/3626\/revisions"}],"wp:attachment":[{"href":"https:\/\/www.trakgene.com\/fi\/wp-json\/wp\/v2\/media?parent=3626"}],"curies":[{"name":"wp","href":"https:\/\/api.w.org\/{rel}","templated":true}]}}